{"id":3199,"date":"2026-01-24T08:52:37","date_gmt":"2026-01-24T08:52:37","guid":{"rendered":"https:\/\/stans.lol\/shop\/product\/espeon-deoxys-gx-1\/"},"modified":"2026-01-24T13:20:25","modified_gmt":"2026-01-24T13:20:25","slug":"espeon-deoxys-gx-1","status":"publish","type":"product","link":"https:\/\/stans.lol\/shop\/product\/espeon-deoxys-gx-1\/","title":{"rendered":"Espeon &amp; Deoxys GX #1"},"content":{"rendered":"<p>Espeon &#038; Deoxys (#XXXX) are a Psychic-type &#8220;Mystery Pok\u00e9mon&#8221; introduced in Generation III. Espeon is a graceful Psychic Pok\u00e9mon evolving from Eevee, known for its keen sensing abilities, while Deoxys is a DNA-altering Pok\u00e9mon that can change forms, originating from space and residing in mysterious habitats. An interesting fact is that Deoxys can change its form to adapt to various battle situations, showcasing its extraordinary versatility.<\/p>\n","protected":false},"excerpt":{"rendered":"<p>Espeon &#038; Deoxys (#XXXX) are a Psychic-type &#8220;Mystery Pok\u00e9mon&#8221; introduced in Generation III. Espeon is a graceful Psychic Pok\u00e9mon evolving from Eevee, known for its keen sensing abilities, while Deoxys is a DNA-altering Pok\u00e9mon that can change forms, originating from space and residing in mysterious habitats. An interesting fact is that Deoxys can change its [&hellip;]<\/p>\n","protected":false},"featured_media":2166,"comment_status":"open","ping_status":"closed","template":"","meta":{"pagelayer_contact_templates":[],"_pagelayer_content":""},"product_brand":[],"product_cat":[17,95],"product_tag":[],"class_list":{"0":"post-3199","1":"product","2":"type-product","3":"status-publish","4":"has-post-thumbnail","6":"product_cat-pokemon","7":"product_cat-pokemon-japanese-tag-team-starter-set","9":"first","10":"instock","11":"taxable","12":"shipping-taxable","13":"purchasable","14":"product-type-simple"},"jetpack_sharing_enabled":true,"_links":{"self":[{"href":"https:\/\/stans.lol\/shop\/wp-json\/wp\/v2\/product\/3199","targetHints":{"allow":["GET"]}}],"collection":[{"href":"https:\/\/stans.lol\/shop\/wp-json\/wp\/v2\/product"}],"about":[{"href":"https:\/\/stans.lol\/shop\/wp-json\/wp\/v2\/types\/product"}],"replies":[{"embeddable":true,"href":"https:\/\/stans.lol\/shop\/wp-json\/wp\/v2\/comments?post=3199"}],"wp:featuredmedia":[{"embeddable":true,"href":"https:\/\/stans.lol\/shop\/wp-json\/wp\/v2\/media\/2166"}],"wp:attachment":[{"href":"https:\/\/stans.lol\/shop\/wp-json\/wp\/v2\/media?parent=3199"}],"wp:term":[{"taxonomy":"product_brand","embeddable":true,"href":"https:\/\/stans.lol\/shop\/wp-json\/wp\/v2\/product_brand?post=3199"},{"taxonomy":"product_cat","embeddable":true,"href":"https:\/\/stans.lol\/shop\/wp-json\/wp\/v2\/product_cat?post=3199"},{"taxonomy":"product_tag","embeddable":true,"href":"https:\/\/stans.lol\/shop\/wp-json\/wp\/v2\/product_tag?post=3199"}],"curies":[{"name":"wp","href":"https:\/\/api.w.org\/{rel}","templated":true}]}}